{"id":592,"date":"2020-02-16T13:37:17","date_gmt":"2020-02-16T20:37:17","guid":{"rendered":"https:\/\/cabopulmoamigos.org\/web\/?page_id=592"},"modified":"2025-01-11T17:41:50","modified_gmt":"2025-01-12T00:41:50","slug":"coalition-cabo-pulmo-vivo","status":"publish","type":"page","link":"https:\/\/cabopulmoamigos.org\/en\/bundling\/coalition-cabo-pulmo-vivo\/","title":{"rendered":"Coalition Cabo Pulmo Vivo"},"content":{"rendered":"<div class=\"wpb-content-wrapper\"><p>[vc_row][vc_column][vc_empty_space]<div id=\"ultv-1500\" class=\"ult-dual-color ult-adjust-bottom-margin ult-dual-color-responsive-none ultv-1500  \"><div class=\"ult-module-content ult-dual-color-heading\" style=\"text-align:center;\">\n\t\t\t\t\t\t<h3><span class=\"ult-before-heading\">\n\t\t\t\t\t\t<span class=\"ult-dual-heading-text ult-first-text ult-responsive\"  data-ultimate-target='.ult-dual-color.ultv-1500 .ult-dual-heading-text'  data-responsive-json-new='{\"font-size\":\"\",\"line-height\":\"\"}'  style=\"color:#666666;     border:none; font-weight:normal;\">Coalition<\/span>\n\t\t\t\t\t<\/span><span class=\"ult-adv-heading\" style=\"\">\n\t\t\t\t\t\t<span class=\"ult-dual-adv-heading-text ult-highlight-text ult-responsive\"  data-ultimate-target='.ult-dual-color.ultv-1500 .ult-highlight-text'  data-responsive-json-new='{\"font-size\":\"\",\"line-height\":\"\"}'  style=\"color:#2489b2;     border:none; font-weight:normal;\">Cabo Pulmo Vivo<\/span>\n\t\t\t\t\t<\/span><\/h3> <\/div><\/div><div id=\"ultimate-heading-421369e7ef363ce51\" class=\"uvc-heading ult-adjust-bottom-margin ultimate-heading-421369e7ef363ce51 uvc-116 \" data-hspacer=\"line_with_icon\" data-hline_width=\"auto\" data-hicon_type=\"selector\" data-hborder_style=\"solid\" data-hborder_height=\"1\" data-hborder_color=\"#2489b2\" data-icon_width=\"32\" data-hfixer=\"10\"  data-halign=\"center\" style=\"text-align:center\"><div class=\"uvc-heading-spacer line_with_icon\" style=\"topheight:32px;\"><div class=\"ult-just-icon-wrapper  \"><div class=\"align-icon\" style=\"text-align:center;\">\n<div class=\"aio-icon none \"  style=\"color:#2489b2;font-size:32px;display:inline-block;\">\n\t<i class=\"Defaults-angle-double-down\"><\/i>\n<\/div><\/div><\/div><\/div><\/div>[\/vc_column][\/vc_row][vc_row][vc_column][vc_column_text css=&#8221;&#8221;]Coordinamos esfuerzos con organizaciones que conforman la Coalici\u00f3n de <a href=\"https:\/\/cabopulmovivo.org\/\" target=\"_blank\" rel=\"noopener\">Cabo Pulmo Vivo<\/a>, para dar seguimiento, participar y promover la participaci\u00f3n en los diferentes espacios de toma de decisi\u00f3n, sobre el uso del territorio de la regi\u00f3n de Cabo del Este. Algunas de nuestras acciones incluyen:[\/vc_column_text][\/vc_column][\/vc_row][vc_row equal_height=&#8221;yes&#8221; content_placement=&#8221;middle&#8221;][vc_column width=&#8221;1\/2&#8243;][vc_column_text css=&#8221;&#8221;]<\/p>\n<ul>\n<li>Participar en reuniones de trabajo.<\/li>\n<li>Gestionar la realizaci\u00f3n de talleres y capacitaciones.<\/li>\n<li>Desarrollar estrategias de medios.<\/li>\n<li>Dar seguimiento y gesti\u00f3n de regulaciones necesarias para asegurar la protecci\u00f3n del Parque Nacional Cabo Pulmo y el \u00e1rea adyacente.<\/li>\n<li>Dar seguimiento y analizar proyectos costeros en la regi\u00f3n de Cabo del Este.<\/li>\n<\/ul>\n<p>[\/vc_column_text][\/vc_column][vc_column width=&#8221;1\/2&#8243;][vc_single_image image=&#8221;1507&#8243; img_size=&#8221;medium&#8221; alignment=&#8221;center&#8221; onclick=&#8221;custom_link&#8221; img_link_target=&#8221;_blank&#8221; css=&#8221;&#8221; link=&#8221;https:\/\/cabopulmovivo.org\/&#8221;][\/vc_column][\/vc_row][vc_row][vc_column][vc_empty_space][\/vc_column][\/vc_row][vc_row][vc_column][vc_media_grid element_width=&#8221;3&#8243; gap=&#8221;20&#8243; css=&#8221;&#8221; initial_loading_animation=&#8221;none&#8221; grid_id=&#8221;vc_gid:1736636815210-859d2fa0-9ac2-2&#8243; include=&#8221;2715,2654,2714,2722,2712,2676&#8243;][\/vc_column][\/vc_row]<\/p>\n<\/div>","protected":false},"excerpt":{"rendered":"<p>[vc_row][vc_column][vc_empty_space][\/vc_column][\/vc_row][vc_row][vc_column][vc_column_text css=&#8221;&#8221;]Coordinamos esfuerzos con organizaciones que conforman la Coalici\u00f3n de Cabo Pulmo Vivo, para dar seguimiento, participar y promover la participaci\u00f3n en los diferentes espacios de<span class=\"excerpt-hellip\"> [\u2026]<\/span><\/p>\n","protected":false},"author":1,"featured_media":0,"parent":1113,"menu_order":0,"comment_status":"closed","ping_status":"closed","template":"","meta":{"footnotes":""},"class_list":["post-592","page","type-page","status-publish","hentry"],"_links":{"self":[{"href":"https:\/\/cabopulmoamigos.org\/en\/wp-json\/wp\/v2\/pages\/592","targetHints":{"allow":["GET"]}}],"collection":[{"href":"https:\/\/cabopulmoamigos.org\/en\/wp-json\/wp\/v2\/pages"}],"about":[{"href":"https:\/\/cabopulmoamigos.org\/en\/wp-json\/wp\/v2\/types\/page"}],"author":[{"embeddable":true,"href":"https:\/\/cabopulmoamigos.org\/en\/wp-json\/wp\/v2\/users\/1"}],"replies":[{"embeddable":true,"href":"https:\/\/cabopulmoamigos.org\/en\/wp-json\/wp\/v2\/comments?post=592"}],"version-history":[{"count":5,"href":"https:\/\/cabopulmoamigos.org\/en\/wp-json\/wp\/v2\/pages\/592\/revisions"}],"predecessor-version":[{"id":2950,"href":"https:\/\/cabopulmoamigos.org\/en\/wp-json\/wp\/v2\/pages\/592\/revisions\/2950"}],"up":[{"embeddable":true,"href":"https:\/\/cabopulmoamigos.org\/en\/wp-json\/wp\/v2\/pages\/1113"}],"wp:attachment":[{"href":"https:\/\/cabopulmoamigos.org\/en\/wp-json\/wp\/v2\/media?parent=592"}],"curies":[{"name":"wp","href":"https:\/\/api.w.org\/{rel}","templated":true}]}}